{"id":26,"date":"2010-07-12T10:20:26","date_gmt":"2010-07-12T08:20:26","guid":{"rendered":"http:\/\/www.natascha-nikeprelevic.de\/en\/?page_id=26"},"modified":"2025-02-27T18:48:23","modified_gmt":"2025-02-27T17:48:23","slug":"video","status":"publish","type":"page","link":"https:\/\/www.natascha-nikeprelevic.de\/en\/video\/","title":{"rendered":"VIDEO"},"content":{"rendered":"<h1>VIDEO<\/h1>\n<p>&nbsp;<\/p>\n<h2>Performances (Selection)<\/h2>\n<p>or watch <a href=\"https:\/\/www.youtube.com\/user\/mrUruguru\/featured\">all videos of Natascha here<\/a><\/p>\n<h3>&nbsp;<\/h3>\n<h3><strong>Video: Natascha Nikeprelevic: Twentyfive minutes on line<\/strong><\/h3>\n<p>&nbsp;<\/p>\n<p><iframe loading=\"lazy\" src=\"https:\/\/www.youtube.com\/embed\/NNx3rqSpUNY\" width=\"640\" height=\"395\" frameborder=\"0\" allowfullscreen=\"allowfullscreen\" data-mce-fragment=\"1\"><\/iframe><\/p>\n<p>twentyfive minutes on line.<b>&nbsp;<\/b>Space performance on white line for voice, cloth, rope and hairdrier&nbsp;in Dan Dryers Installation &#8222;Runway &#8222;.In case Natasha interprets the line in the space as a synonym for&nbsp;the length of a lifetime, it challenges her to explore and enjoy the performance&nbsp;more intensely than ever! (BBK Cologne)<\/p>\n<h3>&nbsp;<\/h3>\n<h3><strong>Video: Natascha Nikeprelevic: allEin<\/strong><\/h3>\n<p>&nbsp;<\/p>\n<p><iframe loading=\"lazy\" src=\"https:\/\/www.youtube.com\/embed\/3ZNPZ8tEcUU\" width=\"640\" height=\"395\" frameborder=\"0\" allowfullscreen=\"allowfullscreen\" data-mce-fragment=\"1\">&amp;amp;amp;amp;amp;amp;amp;amp<span data-mce-type=\"bookmark\" style=\"display: inline-block; width: 0px; overflow: hidden; line-height: 0;\" class=\"mce_SELRES_start\">\ufeff<\/span>;amp;amp;amp;amp;amp;amp;amp;amp;amp;amp;amp;amp;amp;amp;amp;amp;amp;amp;amp;amp;amp;amp;amp;amp;amp;amp;amp;amp;lt;span class=&#8220;mce_SELRES_start&#8220; data-mce-type=&#8220;bookmark&#8220; style=&#8220;display: inline-block; width: 0px; overflow: hidden; line-height: 0;&#8220;&amp;amp;amp;amp;amp;amp;amp;amp;amp;amp;amp;amp;amp;amp;amp;amp;amp;amp;amp;amp;amp;amp;amp;amp;amp;amp;amp;amp;amp;amp;amp;amp;amp;amp;amp;amp;gt;\ufeff&amp;amp;amp;amp;amp;amp;amp;amp;amp;amp;amp;amp;amp;amp;amp;amp;amp;amp;amp;amp;amp;amp;amp;amp;amp;amp;amp;amp;amp;amp;amp;amp;amp;amp;amp;amp;lt;\/span&amp;amp;amp;amp;amp;amp;amp;amp;amp;amp;amp;amp;amp;amp;amp;amp;amp;amp;amp;amp;amp;amp;amp;amp;amp;amp;amp;amp;amp;amp;amp;amp;amp;amp;amp;amp;gt;<span data-mce-type=\"bookmark\" style=\"display: inline-block; width: 0px; overflow: hidden; line-height: 0;\" class=\"mce_SELRES_end\">\ufeff<\/span><\/iframe><\/p>\n<p>allOne &#8211;&nbsp;Musical Theatre in five scenes for a singing actress.&nbsp;Concept: Michael Vetter<br \/>\nVoice &amp; Choreography: Natascha Nikeprelevic. Teatro Potlach, Rome).&nbsp;<em><strong>Comments on youtube: <\/strong>&#8222;An instant classic if you ask me!&#8220; &#8211; &#8222;I think Natascha is one of the most interesting artist in this kind of research!&#8220;&nbsp;<\/em><i>&#8222;In this performance I detect \u201call in one\u201d her skills of dramatic art \u2013&nbsp;voice, dance, whole body movements and her specific language of hands \u2013&nbsp;her diversity of expression is amazing, starting with shadow play and developing&nbsp;a presentation of her real beautiful person once in meditation or<br \/>\non extroverted provocations.\u201d<\/i><\/p>\n<h3>&nbsp;<\/h3>\n<h3><strong>Video: FEATURE: Natascha Nikeprelevic &amp; WDRadio Choir<\/strong><\/h3>\n<p>&nbsp;<\/p>\n<p><a href=\"https:\/\/www.natascha-nikeprelevic.de\/solo\/\"><iframe loading=\"lazy\" src=\"https:\/\/www.youtube.com\/embed\/ZImdrM6l6A4?rel=0\" width=\"640\" height=\"480\" frameborder=\"0\" allowfullscreen=\"allowfullscreen\" data-mce-fragment=\"1\"><\/iframe><\/a><\/p>\n<p>RE | S | PONS &lt;&nbsp;for choir and solo voice. WDR-Rundfunkchor &amp; Natascha Nikeprelevic (solovoice and composition). Video-Feature in German&nbsp;with englisch subtitles. Premiere Performance Concerthall Dortmund.<\/p>\n<h3>&nbsp;<\/h3>\n<h3><strong>Video: Natascha Nikeprelevic: Towards the Light&nbsp;<\/strong><\/h3>\n<p>&nbsp;<\/p>\n<p><iframe loading=\"lazy\" src=\"https:\/\/www.youtube.com\/embed\/hKbaKN9Hu_U?rel=0&amp;controls=0\" width=\"640\" height=\"480\" frameborder=\"0\" allowfullscreen=\"allowfullscreen\" data-mce-fragment=\"1\"><\/iframe><\/p>\n<p><em>&#8222;<\/em><strong><em>Natascha Nikeprelevic is known as one of the premier overtone singers in the world.<\/em><\/strong> She has perfected an ancient art of singing that is believed to have started among tribes in western Mongolia and southern Siberia&#8220;. Read full <em><strong><a href=\"https:\/\/www.good.is\/articles\/other-wordly-overtone-sounds-of-natascha\">Article<\/a> by Tod Perry, Good Magazine, USA.<\/strong><\/em><\/p>\n<h3>&nbsp;<\/h3>\n<h3><strong>Video: Natascha Nikeprelevic: Songs of Stone<\/strong><\/h3>\n<p>&nbsp;<\/p>\n<p><iframe loading=\"lazy\" src=\"https:\/\/www.youtube.com\/embed\/XCzD-JsaJ3A\" width=\"640\" height=\"395\" frameborder=\"0\" allowfullscreen=\"allowfullscreen\" data-mce-fragment=\"1\">&amp;amp;amp;amp;amp;amp;amp;amp;amp;amp;amp;amp;amp;amp;amp;amp;amp;amp;amp;amp;amp;amp;amp;amp;amp;amp;amp;amp;amp;amp;amp;amp;amp;lt;span class=&#8220;mce_SELRES_start&#8220; data-mce-type=&#8220;bookmark&#8220; style=&#8220;display: inline-block; width: 0px; overflow: hidden; line-height: 0;&#8220;&amp;amp;amp;amp;amp;amp;amp;amp;amp;amp;amp;amp;amp;amp;amp;amp;amp;amp;amp;amp;amp;amp;amp;amp;amp;amp;amp;amp;amp;amp;amp;amp;amp;gt;\ufeff&amp;amp;amp;amp;amp;amp;amp;amp;amp;amp;amp;amp;amp;amp;amp;amp;amp;amp;amp;amp;amp;amp;amp;amp;amp;amp;amp;amp;amp;amp;amp;amp;amp;lt;\/span&amp;amp;amp;amp;amp;amp;amp;amp;amp;amp;amp;amp;amp;amp;amp;amp;amp;amp;amp;amp;amp;amp;amp;amp;amp;amp;amp;amp;amp;amp;amp;amp;amp;gt;<\/iframe><\/p>\n<p>Songs of Stone &#8211; &nbsp;for solo voice and sound stones. These stone-sculptures&nbsp;were made by the artist <a href=\"http:\/\/de.wikipedia.org\/wiki\/Elmar_Daucher\">Elmar Daucher <\/a>. His sound stones are polished cubes and steles weighing several tons.&nbsp;This, in certain rhythms sawed pieces can be made to sound by touching, hitting or rubbing&nbsp;with the hand. Since 2005 Natascha works with Dauchers sculptures; her concert programm&nbsp;&#8222;Labyrinth&#8220; for two voices and sound stones (Duo Transverbal) was broadcasted&nbsp;by German Public Radio Berlin.<br \/>\n<a href=\"https:\/\/www.natascha-nikeprelevic.de\/?page_id=1480\">(Audio download)<\/a><\/p>\n<h3>&nbsp;<\/h3>\n<h3><strong>Video: Natascha Nikeprelevic: Invocation<\/strong><\/h3>\n<p>&nbsp;<\/p>\n<p><iframe loading=\"lazy\" src=\"https:\/\/www.youtube.com\/embed\/dLZMARKeZIA?rel=0\" width=\"640\" height=\"360\" frameborder=\"0\" allowfullscreen=\"allowfullscreen\" data-mce-fragment=\"1\"><\/iframe><\/p>\n<p>Natascha Nikeprelevic: Invocation (Anrufung). Ritual f\u00fcr Stimme acapella. Obertongesang (Kontra-Oktave). Live-Performance, Transit International Theatre Festival, ODIN Teatret (Eugenio Barba), Denmark.<\/p>\n<h3>&nbsp;<\/h3>\n<h3><strong>Video: Natascha Nikeprelevic: Aus der Tiefe rufe ich<\/strong><\/h3>\n<p>&nbsp;<\/p>\n<p><iframe loading=\"lazy\" src=\"https:\/\/www.youtube.com\/embed\/l0V1zPZJN_I?controls=0\" width=\"640\" height=\"360\" frameborder=\"0\" allowfullscreen=\"allowfullscreen\" data-mce-fragment=\"1\"><\/iframe><\/p>\n<p>Natascha Nikeprelevic: Excerpt, Live-Concert: \u201cAus der Tiefe rufe ich &#8211; The singing olive tree\u201d.&nbsp;Assumption Day (Maria Himmelfahrt).&nbsp;The concert took place in an exceptional place: inside an ancient cistern &#8211; part of the museum of olives &#8211; in the heart of a medieval village in Italy. While that alone wouldn\u2019t be the most exciting thing, the Piazza on top of the cistern\u2019s roof hides a spectacular secret: Here the world\u2019s largest by aeroponic technology powered olive tree grows its roots in 12 meter height into the open ceiling of the cistern. The roots of the tree are hanging in the air and are watered only by the air moisture of the cistern. Natascha performed 3 times in a row but always differently because she improvised each time in respondence to the very vivid and surprising acoustics of the space. Inside &#8211; on the bottom of the 12 meters high space it was close to full darkness, hot and humid and Natascha painted her skin white to be visually better catched by the film camera&#8230; This excerpt is an edit of all three live-concerts of the evening.<\/p>\n<h3>&nbsp;<\/h3>\n<h3><strong>Video: Natascha Nikeprelevic: Base Note<\/strong><\/h3>\n<p>&nbsp;<\/p>\n<p style=\"text-align: left;\"><iframe loading=\"lazy\" src=\"https:\/\/www.youtube.com\/embed\/UbcnzokcQ74\" width=\"640\" height=\"395\" frameborder=\"0\" allowfullscreen=\"allowfullscreen\" data-mce-fragment=\"1\">&amp;amp;amp;amp;amp;amp;amp;amp;amp;amp;amp;amp;amp;amp;amp;amp;amp;amp;amp;amp;amp;amp;amp;amp;amp;amp;amp;amp;amp;amp;amp;amp;amp;lt;span class=&#8220;mce_SELRES_start&#8220; data-mce-type=&#8220;bookmark&#8220; style=&#8220;display: inline-block; width: 0px; overflow: hidden; line-height: 0;&#8220;&amp;amp;amp;amp;amp;amp;amp;amp;amp;amp;amp;amp;amp;amp;amp;amp;amp;amp;amp;amp;amp;amp;amp;amp;amp;amp;amp;amp;amp;amp;amp;amp;amp;gt;\ufeff&amp;amp;amp;amp;amp;amp;amp;amp;amp;amp;amp;amp;amp;amp;amp;amp;amp;amp;amp;amp;amp;amp;amp;amp;amp;amp;amp;amp;amp;amp;amp;amp;amp;lt;\/span&amp;amp;amp;amp;amp;amp;amp;amp;amp;amp;amp;amp;amp;amp;amp;amp;amp;amp;amp;amp;amp;amp;amp;amp;amp;amp;amp;amp;amp;amp;amp;amp;amp;gt;<\/iframe><\/p>\n<p style=\"text-align: left;\">&nbsp;<\/p>\n<p>&nbsp;<\/p>\n<h3><strong>Video: Natascha Nikeprelevic: Threadline<\/strong><\/h3>\n<p>&nbsp;<\/p>\n<p><iframe loading=\"lazy\" src=\"https:\/\/www.youtube.com\/embed\/bGHuBRe254k\" width=\"640\" height=\"395\" frameborder=\"0\" allowfullscreen=\"allowfullscreen\" data-mce-fragment=\"1\"><\/iframe><\/p>\n<p>Threadline &nbsp;&#8211; Music Theater for Double Bass and Voice.&nbsp;Excerpts of the Live-Performance, Citytheater Moers.&nbsp;Double Bass: Achim Tang.&nbsp;Voice, Composition &amp; Choreography: Natascha Nikeprelevic.<\/p>\n<h3>&nbsp;<\/h3>\n<h3><strong>Video: Natascha Nikeprelevic: VICINIT\u00c0<\/strong><\/h3>\n<p>&nbsp;<\/p>\n<p><iframe loading=\"lazy\" src=\"https:\/\/www.youtube.com\/embed\/CjAdA0by37Y\" width=\"640\" height=\"395\" frameborder=\"0\" allowfullscreen=\"allowfullscreen\" data-mce-fragment=\"1\"><\/iframe><\/p>\n<p>Musiktheater f\u00fcr Stimme Solo von und mit Natascha Nikeprelevic. Ausschnitte der Live-Performance (Kule Theater Berlin).<\/p>\n<h3>&nbsp;<\/h3>\n<h3><strong>Video: Natascha Nikeprelevic &amp; Michael Vetter: Zen-Musik: Mond &amp; Nachtigall<\/strong><\/h3>\n<p>&nbsp;<\/p>\n<p><iframe loading=\"lazy\" src=\"https:\/\/www.youtube.com\/embed\/SEIFFOUgWCw\" width=\"640\" height=\"395\" frameborder=\"0\" allowfullscreen=\"allowfullscreen\" data-mce-fragment=\"1\"><\/iframe><\/p>\n<p>Duett f\u00fcr Stimme und Blockfl\u00f6te. Natascha Nikeprelevic und Michael Vetter gelten als Meister der Improvisation und sind als K\u00fcnstler-Duo seit mehr als 15 Jahren mit ihrer Musik zu h\u00f6ren &#8211; Mond &amp; Nachtigall zeigt noch einmal neu, was ein musikalischer Dialog sein kann.<\/p>\n<h3>&nbsp;<\/h3>\n<h3><strong>Video: Natascha Nikeprelevic: Recital<\/strong><\/h3>\n<p>&nbsp;<\/p>\n<p><iframe loading=\"lazy\" src=\"https:\/\/www.youtube.com\/embed\/FvN5C_-rKMI\" width=\"640\" height=\"395\" frameborder=\"0\" allowfullscreen=\"allowfullscreen\" data-mce-fragment=\"1\"><\/iframe><\/p>\n<p>Recital for voice and tambura.&nbsp;The program of RECITAL ist to unfold the voice with overtone singing&nbsp;and to cross the borders of the harmonious context and the &#8222;corset&#8220; of the Tambura-sound.<\/p>\n<h3>&nbsp;<\/h3>\n<h3>&nbsp;<\/h3>\n<h3><strong>Video: Natascha Nikeprelevic: form &amp; emptiness<\/strong><\/h3>\n<p>&nbsp;<\/p>\n<p><iframe loading=\"lazy\" src=\"https:\/\/www.youtube.com\/embed\/0iZUKejIjGA\" width=\"640\" height=\"395\" frameborder=\"0\" allowfullscreen=\"allowfullscreen\" data-mce-fragment=\"1\"><\/iframe><\/p>\n<p>&nbsp;<\/p>\n<h3>&nbsp;<\/h3>\n<h3><strong>Video: Natascha Nikeprelevic: VICINITY<\/strong><\/h3>\n<p>&nbsp;<\/p>\n<p><iframe loading=\"lazy\" src=\"https:\/\/www.youtube.com\/embed\/rsWJ3oy4Syw\" width=\"640\" height=\"395\" frameborder=\"0\" allowfullscreen=\"allowfullscreen\" data-mce-fragment=\"1\"><\/iframe><\/p>\n<p>Musictheatre for Solo Voice.&nbsp;Excerpts of the Live-Performance, University of Cologne.<br \/>\nVoice, Composition &amp; Choreographie: Natascha Nikeprelevic.<\/p>\n<h3>&nbsp;<\/h3>\n<h3><strong>Video: FU ACUNE<\/strong> &#8211; Natascha Nike \/ Stimme &#8211; F.X.Randomiz \/ Elektronik<\/h3>\n<p>&nbsp;<\/p>\n<h2><iframe loading=\"lazy\" src=\"https:\/\/www.youtube.com\/embed\/PKSeCy2pKKQ\" width=\"640\" height=\"395\" frameborder=\"0\" allowfullscreen=\"allowfullscreen\" data-mce-fragment=\"1\"><\/iframe><\/h2>\n<h3>&nbsp;<\/h3>\n<h3>&nbsp;<\/h3>\n<h3><strong>Video: Karlheinz Stockhausen: POLE f\u00fcr 2<\/strong><\/h3>\n<p>&nbsp;<\/p>\n<h2><iframe loading=\"lazy\" src=\"https:\/\/www.youtube.com\/embed\/6J97DeF1cPc\" width=\"640\" height=\"395\" frameborder=\"0\" allowfullscreen=\"allowfullscreen\" data-mce-fragment=\"1\"><\/iframe><\/h2>\n<p>In &#8222;POLE f\u00fcr 2&#8220; geht es um eine Art des Dialoges, die von vornherein voraussetzt, da\u00df es polar entgegengesetzte Positionen gibt, die inhaltlich musikalisch nicht ausgespart werden d\u00fcrfen, weil man sich andernfalls aus Angst vor bislang ausgegrenzten Extremen nicht wirklich auf die gesamte Bandbreite seiner Existenz einl\u00e4\u00dft. Insofern sich alles strukturell musikalisch ereignet, gibt es kein &#8222;Gut&#8220; und &#8222;B\u00f6se&#8220;, sondern nur &#8222;Plus&#8220; und &#8222;Minus&#8220;, und tats\u00e4chlich besteht die Notation des St\u00fcckes in erster Linie aus Plus- und Minuszeichen, die in beliebiger Zusammensetzung und Abfolge auf alle Parameter angewandt werden.&#8220; (Michael Vetter). Urauff\u00fchrung, Tonhalle Z\u00fcrich, Schweiz.<\/p>\n<p>&nbsp;<\/p>\n<h3><strong>Video: Natascha Nikeprelevic: TREEPHONY<\/strong><\/h3>\n<p>&nbsp;<\/p>\n<p><iframe loading=\"lazy\" src=\"https:\/\/www.youtube.com\/embed\/gbm9lAag0HM\" width=\"640\" height=\"395\" frameborder=\"0\" allowfullscreen=\"allowfullscreen\" data-mce-fragment=\"1\"><\/iframe><\/p>\n<p>Wie man in den Wald hineinruft, so schallt es wieder heraus.<br \/>\nPerformance f\u00fcr Stimme und Waldesrauschen.<\/p>\n<h3>&nbsp;<\/h3>\n<h3><strong>Video: Natascha Nikeprelevic: USE AS IS &#8218; ISTZUSTAND<\/strong><\/h3>\n<p>&nbsp;<\/p>\n<p><iframe loading=\"lazy\" src=\"https:\/\/www.youtube.com\/embed\/gx1WlQysM-s\" width=\"640\" height=\"395\" frameborder=\"0\" allowfullscreen=\"allowfullscreen\" data-mce-fragment=\"1\"><\/iframe><\/p>\n<p>Overtone singing in contemporary theatre: Here you see an excerpt of the full lenght evening performance: &#8218;use as is&#8216;. The overtone-part, named &#8218;Ikonographia ranunculi&#8216; is dedicated to frogs&#8230;because&#8230;Caution: the singer grows frog legs while singing overtones&#8230;so this technique has all sorts of surprising possibilities.. ahem&#8230;effects&#8230;!<\/p>\n<h3>&nbsp;<\/h3>\n<h3><strong>SUBWAY f\u00fcr Stimme und Kotoharfe<\/strong><\/h3>\n<p>&nbsp;<\/p>\n<p><iframe loading=\"lazy\" src=\"https:\/\/www.youtube-nocookie.com\/embed\/-yM7Gbhmd5A\" width=\"640\" height=\"360\" frameborder=\"0\" allowfullscreen=\"allowfullscreen\" data-mce-fragment=\"1\"><\/iframe><\/p>\n<p>Komposition, Stimme, Koto &amp; Photographien von Natascha Nikeprelevic.<br \/>\nDer Klang der japanischen Koto Harfe ist f\u00fcr mich ein Sinnbild f\u00fcr Einsamkeit, herbe Sch\u00f6nheit, konzentrative Kraft&#8230;&nbsp;Diese Aspekte und das f\u00fcr die Japaner typische &#8222;bei sich sein&#8220; habe ich auf meinen t\u00e4glichen Fahrten in Kyotos U-Bahnen in den Gesichtern der Reisenden wiedergespiegelt gesehen.&nbsp;So entstand diese Bild &amp; Klang-Hommage.<\/p>\n<h3>&nbsp;<\/h3>\n<h3><strong>Alice in Wonderland<\/strong><\/h3>\n<p>&nbsp;<\/p>\n<p><iframe loading=\"lazy\" src=\"https:\/\/www.youtube-nocookie.com\/embed\/3cnjsztFkx0\" width=\"640\" height=\"360\" frameborder=\"0\" allowfullscreen=\"allowfullscreen\" data-mce-fragment=\"1\"><\/iframe><\/p>\n<p>Klang-Oper f\u00fcr Stimme und Synthesizer (Dauer: 50 Min.).<br \/>\nVoice: Natascha Nikeprelevic \u2013 Syntheziser: Andreas Wagner<br \/>\nDiese Klang-Oper ist eine Adaption an den Roman &#8222;Alice im Wunderland&#8220; und beschreibt die Reise der menschlichen nat\u00fcrlichen Stimme durch das M\u00e4rchenland der synthetischen Kl\u00e4nge. Fremdes und Vertrautes, Assoziatives und n\u00fcchtern Klangliches begegnen einander in poetischem Wechsel.<\/p>\n<h3>&nbsp;<\/h3>\n<h3><strong>SUBAQUEOUS<\/strong><\/h3>\n<p>&nbsp;<\/p>\n<h3><iframe loading=\"lazy\" src=\"https:\/\/www.youtube-nocookie.com\/embed\/lteaFPuF2Jg\" width=\"640\" height=\"360\" frameborder=\"0\" allowfullscreen=\"allowfullscreen\" data-mce-fragment=\"1\"><\/iframe><\/h3>\n<p>Musik f\u00fcr Stimme und Synthesizer.&nbsp;Stimme &amp; Syntheziser: Natascha Nikeprelevic.<br \/>\nGoldfische h\u00f6ren etwa im gleichen Frequenzbereich wie Menschen. Schallwellen werden von der Schwimmblase aufgefangen und \u00fcber den Weberschen Apparat zum Innenohr geleitet. Ein blinder Goldfisch kann Menschen aufgrund der Stimme, oder des Vibrieren des Tons erkennen und eindeutig identifizieren. Diese Musik ist den Goldfischen im Teich der Universit\u00e4t der K\u00fcnste in Taipei gewidmet.<\/p>\n<p>&nbsp;<\/p>\n<h2 style=\"text-align: left;\">2 Videos &#8211; EXPO for 3 &#8211; Final Rehearsal and Premiere<\/h2>\n<p>&nbsp;<\/p>\n<p><iframe loading=\"lazy\" src=\"\/\/www.youtube-nocookie.com\/embed\/IzNbYQ2eXow?rel=0\" width=\"640\" height=\"360\" frameborder=\"0\" allowfullscreen=\"allowfullscreen\"><\/iframe><\/p>\n<p><strong>EXPO for 3 &#8211; Karlheinz Stockhausen<\/strong><br \/>\nMusicians: Michael Vetter \/ Voice, Recorder &#8211; Natascha Nikeprelevic \/ Voice, Megaphone<br \/>\nF.X.Randomiz \/ Electronics.<br \/>\nExcerpts of the final rehearsal, Section 7-8, Eventnumbers 46-56<br \/>\nStockhausen Courses K\u00fcrten, Aug. 2013<\/p>\n<p>&nbsp;<\/p>\n<p><iframe loading=\"lazy\" src=\"\/\/www.youtube-nocookie.com\/embed\/a-o6eM6J03w?rel=0\" width=\"640\" height=\"360\" frameborder=\"0\" allowfullscreen=\"allowfullscreen\"><\/iframe><\/p>\n<p><strong>EXPO for 3 Premiere &#8211; Karlheinz Stockhausen<\/strong><br \/>\nExcerpts of the world-premiere, Stockhausen Courses K\u00fcrten, Aug. 2013<\/p>\n<p>&nbsp;<\/p>\n<p>&nbsp;<\/p>\n<p>&nbsp;<\/p>\n<p>&nbsp;<\/p>\n","protected":false},"excerpt":{"rendered":"<p>VIDEO &nbsp; Performances (Selection) or watch all videos of Natascha here &nbsp; Video: Natascha Nikeprelevic: Twentyfive minutes on line &nbsp; twentyfive minutes on line.&nbsp;Space performance on white line for voice, cloth, rope and hairdrier&nbsp;in Dan Dryers Installation &#8222;Runway &#8222;.In case Natasha interprets the line in&#8230;<\/p>\n","protected":false},"author":1,"featured_media":0,"parent":0,"menu_order":0,"comment_status":"closed","ping_status":"closed","template":"","meta":{"inline_featured_image":false,"footnotes":""},"class_list":["post-26","page","type-page","status-publish","hentry"],"_links":{"self":[{"href":"https:\/\/www.natascha-nikeprelevic.de\/en\/wp-json\/wp\/v2\/pages\/26","targetHints":{"allow":["GET"]}}],"collection":[{"href":"https:\/\/www.natascha-nikeprelevic.de\/en\/wp-json\/wp\/v2\/pages"}],"about":[{"href":"https:\/\/www.natascha-nikeprelevic.de\/en\/wp-json\/wp\/v2\/types\/page"}],"author":[{"embeddable":true,"href":"https:\/\/www.natascha-nikeprelevic.de\/en\/wp-json\/wp\/v2\/users\/1"}],"replies":[{"embeddable":true,"href":"https:\/\/www.natascha-nikeprelevic.de\/en\/wp-json\/wp\/v2\/comments?post=26"}],"version-history":[{"count":89,"href":"https:\/\/www.natascha-nikeprelevic.de\/en\/wp-json\/wp\/v2\/pages\/26\/revisions"}],"predecessor-version":[{"id":1667,"href":"https:\/\/www.natascha-nikeprelevic.de\/en\/wp-json\/wp\/v2\/pages\/26\/revisions\/1667"}],"wp:attachment":[{"href":"https:\/\/www.natascha-nikeprelevic.de\/en\/wp-json\/wp\/v2\/media?parent=26"}],"curies":[{"name":"wp","href":"https:\/\/api.w.org\/{rel}","templated":true}]}}