{"id":11,"date":"2010-07-12T10:17:38","date_gmt":"2010-07-12T08:17:38","guid":{"rendered":"http:\/\/www.natascha-nikeprelevic.de\/en\/?page_id=11"},"modified":"2025-02-27T16:40:05","modified_gmt":"2025-02-27T15:40:05","slug":"audio-art","status":"publish","type":"page","link":"https:\/\/www.natascha-nikeprelevic.de\/en\/audio-art\/","title":{"rendered":"RADIO"},"content":{"rendered":"<h1>RADIO \/\/ AUDIO ART<\/h1>\n<p>&nbsp;<\/p>\n<h2><img loading=\"lazy\" decoding=\"async\" class=\"wp-image-19 alignleft\" src=\"https:\/\/www.natascha-nikeprelevic.de\/wp-content\/uploads\/2010\/07\/MG_2224-199x300.jpg\" alt=\"\" width=\"241\" height=\"364\"><img loading=\"lazy\" decoding=\"async\" class=\"alignnone size-full wp-image-1503\" src=\"https:\/\/www.natascha-nikeprelevic.de\/wp-content\/uploads\/2012\/06\/dkultur_programm.gif\" alt=\"\" width=\"195\" height=\"26\"><\/h2>\n<p><img loading=\"lazy\" decoding=\"async\" class=\"alignnone size-full wp-image-1676\" src=\"https:\/\/www.natascha-nikeprelevic.de\/wp-content\/uploads\/2010\/07\/wdlogo1.png\" alt=\"\" width=\"129\" height=\"50\"><\/p>\n<p><strong>13 Radio Plays \/\/&nbsp;<\/strong><strong>Sound-Art Projects<\/strong><\/p>\n<p>Natascha Nikeprelevic realisierte als Vokalistin und Komponistin in 10 Jahren 13 H\u00f6rwerke \/ Sound-Art Produktionen im WDR &nbsp;K\u00f6ln und im Deutschlandradio Kultur Berlin.<br \/>\n&nbsp;<\/p>\n<h3>&nbsp;<\/h3>\n<h3><strong>SOUND-ART Projects for voice &amp; instruments<\/strong><\/h3>\n<p>&nbsp;<\/p>\n<table style=\"height: 100%;\" border=\"0\" width=\"653\">\n<tbody>\n<tr>\n<td valign=\"top\" width=\"20%\"><strong>Atem_Puls<\/strong><\/td>\n<td valign=\"top\" width=\"80%\"><strong>WDR Radio, K\u00f6ln. Studio Akustische Kunst: <\/strong>Konzept\/Stimme: Natascha Nikeprelevic. Elektronik: F.X.Randomiz. Dauer: 54 Minuten.<\/td>\n<\/tr>\n<tr>\n<td valign=\"top\" width=\"30%\"><strong>Phonemonal<\/strong><\/td>\n<td valign=\"top\" width=\"70%\"><strong>WDR Radio, K\u00f6ln. Studio Akustische Kunst: <\/strong>Ein H\u00f6rwerk mit semantikfreier Textur und Elektronik. Konzept\/Stimme: Natascha Nikeprelevic. Sound: F.X.Randomiz. Dauer: 54 Minuten.<\/td>\n<\/tr>\n<tr>\n<td valign=\"top\" width=\"30%\"><strong>Deutschland in Kleinanzeigen<\/strong><\/td>\n<td valign=\"top\" width=\"70%\"><strong>WDR Radio, K\u00f6ln: Feature: <\/strong>Stimme: Natascha Nikeprelevic. Elektronik: F.X.Randomiz. Autorin: Martina Schulte. (35 Minuten).<\/td>\n<\/tr>\n<tr>\n<td valign=\"top\" width=\"10%\"><strong>Leckerm\u00e4nner<\/strong><\/td>\n<td valign=\"top\" width=\"90%\"><strong>Deutschland Radio Kultur, Berlin: H\u00f6rspiel: <\/strong>Sprecherin: Natascha Nikeprelevic. Live-Elektronik: Ignaz Schick, Soundtrack Stimme: Natascha Nikeprelevic, Regie: G\u00f6tz Naleppa. Autorin: Ginka Steinwachs. Dauer: 54 Minuten.<\/td>\n<\/tr>\n<tr>\n<td valign=\"top\" width=\"10%\"><strong>Respons<\/strong><\/td>\n<td valign=\"top\" width=\"90%\"><strong>WDR Radio, K\u00f6ln: Musik f\u00fcr Chor: <\/strong>Mit dem&nbsp;WDR Rundfunkchor. Konzept, Chorleitung, Solopart: Natascha Nikeprelevic. Dauer: 27 Minuten.<\/td>\n<\/tr>\n<tr>\n<td valign=\"top\" width=\"10%\"><strong>An Baches Rand<\/strong><\/td>\n<td valign=\"top\" width=\"90%\"><strong>Deutschland Radio Kultur, Berlin: Experimentelles H\u00f6rspiel: <\/strong>Musiker:&nbsp;Michael Vetter und Natascha Nikeprelevic (Duo Transverbal). Regie: G\u00f6tz Naleppa. Dauer: 54 Minuten.<\/td>\n<\/tr>\n<tr>\n<td valign=\"top\" width=\"10%\"><strong>Labyrinth<\/strong><\/p>\n<p>&nbsp;<\/p>\n<p><strong>Die verbotenen Evangelien<\/strong><\/td>\n<td valign=\"top\" width=\"90%\"><strong>Deutschland Radio Kultur, Berlin: Experimentelles H\u00f6rspiel: <\/strong>Musik f\u00fcr Stimmen und Klangsteine. Musiker: Duo Transverbal. Regie: G\u00f6tz Naleppa. Dauer: 54 Minuten.<\/p>\n<p><strong>WDR Radio, K\u00f6ln: Feature: Die verbotenen Evangelien.<\/strong>: Autoren: Katharina Ceming, J\u00fcrgen Werlitz. Musik und Stimme: Natascha Nikeprelevic. Regie: Fabian von Freier. Dauer: 45 Minuten.<\/td>\n<\/tr>\n<tr>\n<td valign=\"top\" width=\"10%\"><strong>The spiritual aspect in Art <\/strong><\/td>\n<td valign=\"top\" width=\"90%\"><strong>DA-AI Television, Taipei, Taiwan:<\/strong> Konzert und Interview.: Duo Transverbal. Dauer: 60 Minuten.<\/td>\n<\/tr>\n<tr>\n<td valign=\"top\" width=\"10%\"><strong>Okyo<\/strong><\/td>\n<td valign=\"top\" width=\"90%\"><strong>Deutschland Radio Kultur, Berlin: Experimentelles H\u00f6rspiel: <\/strong>Musik f\u00fcr Stimmen und Ritual-Instrumente. Duo Transverbal. Regie: G\u00f6tz Naleppa. (54 Minuten).<\/td>\n<\/tr>\n<tr>\n<td valign=\"top\" width=\"10%\"><strong>Soto Voce<\/strong><\/td>\n<td valign=\"top\" width=\"90%\"><strong>Deutschland Radio Kultur, Berlin: Experimentelles H\u00f6rspiel:<\/strong>&nbsp;Performance f\u00fcr zwei Stimmen in einer 3x3x3 Meter gro\u00dfen Sound Skulptur von J.R.Soto. Instrumente\/Stimmen: Duo Transverbal, Regie: G\u00f6tz Naleppa. Dauer: 54 Minuten.<\/td>\n<\/tr>\n<tr>\n<td valign=\"top\" width=\"10%\"><strong>De Profundis<\/strong><\/td>\n<td valign=\"top\" width=\"90%\"><strong>Deutschland Radio Kultur, Berlin: Experimentelles H\u00f6rspiel:&nbsp;<\/strong>St\u00fcck f\u00fcr zwei Oberton Stimmen in einem 15 Meter tiefen mittelalterlichen Brunnen. Duo Transverbal, Regie: G\u00f6tz Naleppa. Dauer: 35 Minuten.<\/td>\n<\/tr>\n<tr>\n<td valign=\"top\" width=\"10%\"><strong>Die Gesetzestafeln<\/strong><\/td>\n<td valign=\"top\" width=\"90%\"><strong>Deutschland Radio Kultur, Berlin: Experimentelles H\u00f6rspiel:<\/strong>&nbsp;Mysterienspiel f\u00fcr zwei Stimmen und Instrumente. Graphische Partitur (3&#215;2 Meter). Duo Transverbal. Regie: G\u00f6tz Naleppa. Dauer: 54 Minuten.<\/td>\n<\/tr>\n<tr>\n<td valign=\"top\" width=\"10%\"><strong>DuO<\/strong><\/td>\n<td valign=\"top\" width=\"90%\"><strong>Deutschland Radio Kultur, Berlin: Experimentelles H\u00f6rspiel: Eine dialogische Passion.<\/strong> Kammeroper in 24 Szenen. Natascha Nikeprelevic\/ Michael Vetter (Duo Transverbal).Regie: G\u00f6tz Naleppa.&nbsp;Dauer: 54 Minuten.<\/td>\n<\/tr>\n<\/tbody>\n<\/table>\n<p>&nbsp;<\/p>\n<p><img loading=\"lazy\" decoding=\"async\" class=\"size-full wp-image-502 alignleft\" title=\"icon sound2\" src=\"https:\/\/www.natascha-nikeprelevic.de\/wp-content\/uploads\/2010\/08\/icon-sound2.gif\" alt=\"\" width=\"25\" height=\"24\"> <strong>Audio-Teaser:&nbsp;<\/strong><span style=\"color: #000000;\"><span style=\"caret-color: #000000;\"><b>Leckerm\u00e4nner<\/b><\/span><\/span><\/p>\n<div>\n<p>Radioplay by Ginka Steinwachs<\/p>\n<\/div>\n<div>\n<p>Director: G\u00f6tz Naleppa &#8211; Speaker: N. Nikeprelevic.&nbsp;Vocal-Composition and Voice: N. Nikeprelevic &#8211; Live-Music: Ignaz Schick.&nbsp;Production: DRadio Kultur\/Radio Bremen &#8211; Duration: 75 Minutes.<\/p>\n<\/div>\n<p><img loading=\"lazy\" decoding=\"async\" class=\"size-full wp-image-1504 alignleft\" title=\"Dichten in Fahrtrichtung\" src=\"https:\/\/www.natascha-nikeprelevic.de\/wp-content\/uploads\/2012\/06\/Dichten-in-Fahrtrichtung.jpeg\" alt=\"\" width=\"310\" height=\"215\"><\/p>\n<p>1 <a href=\"https:\/\/www.natascha-nikeprelevic.de\/wp-content\/uploads\/2010\/07\/8-leckermaenner-finale.mp3\">Finale &#8211; 1:26<\/a><br \/>\n2 <a href=\"https:\/\/www.natascha-nikeprelevic.de\/wp-content\/uploads\/2010\/07\/1-leckermaenner-der-blinde-jack.mp3\">Der blinde Jack &#8211; 0:50<\/a><br \/>\n3 <a href=\"https:\/\/www.natascha-nikeprelevic.de\/wp-content\/uploads\/2010\/07\/2-leckermaenner-obs.mp3\">obs &#8211; 0:20<\/a><br \/>\n4 <a href=\"https:\/\/www.natascha-nikeprelevic.de\/wp-content\/uploads\/2010\/07\/3-leckermaenner-mr.-innen-mr.-aussen.mp3\">Mr. Innen &amp; Mr. Au\u00dfen &#8211; 0:47<\/a><br \/>\n5 <a href=\"https:\/\/www.natascha-nikeprelevic.de\/wp-content\/uploads\/2010\/07\/5-leckermaenner-flaschen-pott-2.mp3\">Flaschen Pott 2 &#8211; 0:36<\/a><br \/>\n6 <a href=\"https:\/\/www.natascha-nikeprelevic.de\/wp-content\/uploads\/2010\/07\/7-leckermaenner-schwarzer-pitt.mp3\">Schwarzer Pitt &#8211; 0:25<\/a><\/p>\n<p><img loading=\"lazy\" decoding=\"async\" class=\"alignnone size-full wp-image-1503\" src=\"https:\/\/www.natascha-nikeprelevic.de\/wp-content\/uploads\/2012\/06\/dkultur_programm.gif\" alt=\"\" width=\"195\" height=\"26\"><\/p>\n<p>&nbsp;<\/p>\n<h3>&nbsp;<\/h3>\n<h3><strong>Video: Radio-Feature: Animationsfilm: Leben in Kleinanzeigen<\/strong><br \/>\n<strong>Shortlist (2. Winner Prix Italia <\/strong><br \/>\n<strong>WDR Radio, K\u00f6ln<\/strong><br \/>\n<strong>Stimme:<\/strong> Natascha Nikeprelevic. <strong>Elektronik:<\/strong> F.X.Randomiz. <strong>Autorin:<\/strong> Martina Schulte. (35 Minuten).<\/h3>\n<p><iframe loading=\"lazy\" title=\"vimeo-player\" src=\"https:\/\/player.vimeo.com\/video\/653267081?h=3ed0c12d8d\" width=\"640\" height=\"360\" frameborder=\"0\" allowfullscreen=\"allowfullscreen\" data-mce-fragment=\"1\"><\/iframe><\/p>\n<div>\n<p>&nbsp;<\/p>\n<\/div>\n","protected":false},"excerpt":{"rendered":"<p>RADIO \/\/ AUDIO ART &nbsp; 13 Radio Plays \/\/&nbsp;Sound-Art Projects Natascha Nikeprelevic realisierte als Vokalistin und Komponistin in 10 Jahren 13 H\u00f6rwerke \/ Sound-Art Produktionen im WDR &nbsp;K\u00f6ln und im Deutschlandradio Kultur Berlin. &nbsp; &nbsp; SOUND-ART Projects for voice &amp; instruments &nbsp; Atem_Puls WDR Radio,&#8230;<\/p>\n","protected":false},"author":1,"featured_media":0,"parent":0,"menu_order":0,"comment_status":"closed","ping_status":"closed","template":"","meta":{"inline_featured_image":false,"footnotes":""},"class_list":["post-11","page","type-page","status-publish","hentry"],"_links":{"self":[{"href":"https:\/\/www.natascha-nikeprelevic.de\/en\/wp-json\/wp\/v2\/pages\/11","targetHints":{"allow":["GET"]}}],"collection":[{"href":"https:\/\/www.natascha-nikeprelevic.de\/en\/wp-json\/wp\/v2\/pages"}],"about":[{"href":"https:\/\/www.natascha-nikeprelevic.de\/en\/wp-json\/wp\/v2\/types\/page"}],"author":[{"embeddable":true,"href":"https:\/\/www.natascha-nikeprelevic.de\/en\/wp-json\/wp\/v2\/users\/1"}],"replies":[{"embeddable":true,"href":"https:\/\/www.natascha-nikeprelevic.de\/en\/wp-json\/wp\/v2\/comments?post=11"}],"version-history":[{"count":50,"href":"https:\/\/www.natascha-nikeprelevic.de\/en\/wp-json\/wp\/v2\/pages\/11\/revisions"}],"predecessor-version":[{"id":1650,"href":"https:\/\/www.natascha-nikeprelevic.de\/en\/wp-json\/wp\/v2\/pages\/11\/revisions\/1650"}],"wp:attachment":[{"href":"https:\/\/www.natascha-nikeprelevic.de\/en\/wp-json\/wp\/v2\/media?parent=11"}],"curies":[{"name":"wp","href":"https:\/\/api.w.org\/{rel}","templated":true}]}}